{"id":309,"date":"2024-04-05T21:30:25","date_gmt":"2024-04-05T19:30:25","guid":{"rendered":"http:\/\/192.168.10.47\/?page_id=309"},"modified":"2025-07-25T13:39:51","modified_gmt":"2025-07-25T17:39:51","slug":"declaracion-de-la-mision-vision-valores-y-principios-de-la-entidad","status":"publish","type":"page","link":"https:\/\/sepdep.gob.bo\/index.php\/declaracion-de-la-mision-vision-valores-y-principios-de-la-entidad\/","title":{"rendered":"Misi\u00f3n, Visi\u00f3n y Principios"},"content":{"rendered":"\n<h2 class=\"wp-block-heading\">Misi\u00f3n<\/h2>\n\n\n\n<p class=\"justificado\">Garantizar la inviolabilidad del derecho a la defensa y el acceso a una justicia oportuna y gratuita, prestando servicios de asistencia t\u00e9cnica y defensa penal a toda persona denunciada, imputada o procesada penalmente, carente de recursos econ\u00f3micos y a quienes no designen abogado para su defensa.<\/p>\n\n\n\n<h2 class=\"wp-block-heading\">Visi\u00f3n<\/h2>\n\n\n\n<p class=\"justificado\">El SEPDEP, es una instituci\u00f3n descentralizada del Ministerio de Justicia y Transparencia Institucional (MJyTI), que presta servicios de defensa penal t\u00e9cnica gratuita, consagrando el Derecho Fundamental a la Defensa como una expresi\u00f3n de justicia, basado en los principios, garant\u00edas, valores, fundado en la pluralidad y pluralismo jur\u00eddico, conforme establece la Constituci\u00f3n Pol\u00edtica del Estado (CPE), Tratados y Convenios Internacionales en materia de Derechos Humanos.<\/p>\n\n\n\n<h2 class=\"wp-block-heading\">Principios:<\/h2>\n\n\n\n<p class=\"justificado\">El Servicio Plurinacional de Defensa P\u00fablica en el ejercicio de sus funciones y atribuciones, se rige por los siguientes principios:<\/p>\n\n\n\n<ul class=\"wp-block-list justificado\">\n<li><strong>Autonom\u00eda<\/strong>.- El Servicio goza de autonom\u00eda de gesti\u00f3n en el desempe\u00f1o de sus funciones, y no podr\u00e1 recibir influencias o presiones de ninguna naturaleza.<\/li>\n\n\n\n<li class=\"justificado\"><strong>Independencia<\/strong>.- El personal del Servicio tiene independencia funcional, t\u00e9cnica y profesional.<\/li>\n\n\n\n<li><strong>Legalidad<\/strong>.- El ejercicio y los actos de la defensa t\u00e9cnica se someter\u00e1 a lo establecido en la Constituci\u00f3n Pol\u00edtica del Estado, los Tratados y Convenios Internacionales vigentes y las leyes.<\/li>\n\n\n\n<li><strong>Probidad<\/strong>.- El personal del Servicio, en el ejercicio de sus funciones, observar\u00e1 el principio de probidad, desarrollando su trabajo de manera honesta, transparente, empleando toda su capacidad y conocimientos t\u00e9cnicos y profesionales.<\/li>\n\n\n\n<li><strong>Gratuidad<\/strong>.- El acceso al Servicio de defensa p\u00fablica es gratuito para la usuaria o el usuario que no cuente con los recursos econ\u00f3micos necesarios para la contrataci\u00f3n de una abogada o un abogado particular.<\/li>\n\n\n\n<li><strong>Transparencia<\/strong>.- El Servicio proporcionar\u00e1 la informaci\u00f3n investigativa a las y los denunciados, imputados, procesados penalmente, servidores p\u00fablicos, declarados rebeldes, menores de 18 a\u00f1os y adultos mayores que soliciten este servicio, adem\u00e1s de la aplicaci\u00f3n de las normas vigentes sobre transparencia.<\/li>\n\n\n\n<li><strong>Idoneidad<\/strong>.- La capacidad y experiencia son la base para el ejercicio de la defensa penal t\u00e9cnica estatal. Su desempe\u00f1o se rige por los principios \u00e9tico-morales de la sociedad plural y los valores que sustenta el Estado Plurinacional.<\/li>\n\n\n\n<li><strong>Unidad<\/strong>.- El Servicio es \u00fanico e indivisible en todo el territorio del Estado Plurinacional y ejerce sus funciones a trav\u00e9s del personal que lo representa \u00edntegramente.<\/li>\n\n\n\n<li><strong>Conciliaci\u00f3n y de salida alternativa<\/strong>.- Se promover\u00e1 prioritariamente la conciliaci\u00f3n o la aplicaci\u00f3n de salidas alternativas, debiendo ajustarse a las reglas de procedimiento.<\/li>\n\n\n\n<li><strong>Responsabilidad<\/strong>.- El personal del Servicio ser\u00e1 responsable por sus actos en el ejercicio de sus funciones, conforme a la Constituci\u00f3n Pol\u00edtica del Estado, la Ley y sus reglamentos.<\/li>\n\n\n\n<li><strong>Celeridad<\/strong>.- El Servicio deber\u00e1 ejercer sus funciones de manera pronta, oportuna y sin dilaciones, luchando contra todo acto tendiente a la retardaci\u00f3n de justicia.<\/li>\n\n\n\n<li><strong>Complementariedad<\/strong>.- Implica la concurrencia de esfuerzos e iniciativas de todas las jurisdicciones reconocidas constitucionalmente.<\/li>\n\n\n\n<li><strong>Eficiencia, eficacia y efectividad<\/strong>.- El Servicio debe lograr objetivos y metas programadas en un tiempo predeterminado seg\u00fan las pol\u00edticas, normas y procedimientos establecidos por Ley.<\/li>\n\n\n\n<li><strong>Calidez y calidad<\/strong>.- Brindar el servicio con cordialidad y buen trato, a efectos de contribuir de mejor manera a la finalidad de la presente Ley.<\/li>\n\n\n\n<li><strong>Pluralismo jur\u00eddico<\/strong>.- El Servicio reconoce la coexistencia de los sistemas jur\u00eddicos consagrados en la Constituci\u00f3n Pol\u00edtica del Estado.<\/li>\n\n\n\n<li><strong>Interculturalidad<\/strong>.- El Servicio reconoce la expresi\u00f3n y convivencia de la diversidad cultural, institucional, normativa y ling\u00fc\u00edstica en el ejercicio de los derechos individuales y colectivos en la b\u00fasqueda del Vivir Bien.<\/li>\n<\/ul>\n","protected":false},"excerpt":{"rendered":"<p>Misi\u00f3n Garantizar la inviolabilidad del derecho a la defensa y el acceso a una justicia oportuna y gratuita, prestando servicios de asistencia t\u00e9cnica y defensa penal a toda persona denunciada, imputada o procesada penalmente, carente de recursos econ\u00f3micos y a quienes no designen abogado para su defensa. Visi\u00f3n El SEPDEP, es una instituci\u00f3n descentralizada del [&hellip;]<\/p>\n","protected":false},"author":16,"featured_media":0,"parent":0,"menu_order":0,"comment_status":"closed","ping_status":"closed","template":"","meta":{"_acf_changed":false,"footnotes":""},"class_list":["post-309","page","type-page","status-publish","hentry"],"acf":[],"_links":{"self":[{"href":"https:\/\/sepdep.gob.bo\/index.php\/wp-json\/wp\/v2\/pages\/309","targetHints":{"allow":["GET"]}}],"collection":[{"href":"https:\/\/sepdep.gob.bo\/index.php\/wp-json\/wp\/v2\/pages"}],"about":[{"href":"https:\/\/sepdep.gob.bo\/index.php\/wp-json\/wp\/v2\/types\/page"}],"author":[{"embeddable":true,"href":"https:\/\/sepdep.gob.bo\/index.php\/wp-json\/wp\/v2\/users\/16"}],"replies":[{"embeddable":true,"href":"https:\/\/sepdep.gob.bo\/index.php\/wp-json\/wp\/v2\/comments?post=309"}],"version-history":[{"count":22,"href":"https:\/\/sepdep.gob.bo\/index.php\/wp-json\/wp\/v2\/pages\/309\/revisions"}],"predecessor-version":[{"id":18186,"href":"https:\/\/sepdep.gob.bo\/index.php\/wp-json\/wp\/v2\/pages\/309\/revisions\/18186"}],"wp:attachment":[{"href":"https:\/\/sepdep.gob.bo\/index.php\/wp-json\/wp\/v2\/media?parent=309"}],"curies":[{"name":"wp","href":"https:\/\/api.w.org\/{rel}","templated":true}]}}