{"id":321,"date":"2024-04-05T21:30:47","date_gmt":"2024-04-05T19:30:47","guid":{"rendered":"http:\/\/192.168.10.47\/?page_id=321"},"modified":"2025-07-25T13:44:53","modified_gmt":"2025-07-25T17:44:53","slug":"breve-historia-o-resena-sobre-la-creacion-y-evolucion-de-la-entidad","status":"publish","type":"page","link":"https:\/\/sepdep.gob.bo\/index.php\/breve-historia-o-resena-sobre-la-creacion-y-evolucion-de-la-entidad\/","title":{"rendered":"Rese\u00f1a Hist\u00f3rica"},"content":{"rendered":"\n<p class=\"justificado has-medium-font-size\">El Servicio Plurinacional de Defensa P\u00fablica (SEPDEP) se cre\u00f3 mediante la Ley N\u00b0 463 de 19 de diciembre de 2013, en Bolivia.&nbsp;Esta ley establece al SEPDEP como una instituci\u00f3n descentralizada, bajo la tuici\u00f3n del Ministerio de Justicia y Transparencia Institucional.&nbsp;Su funci\u00f3n principal es la defensa penal p\u00fablica gratuita para personas denunciadas, imputadas o procesadas penalmente que no tienen recursos econ\u00f3micos o no designan un abogado para su defensa.&nbsp;<\/p>\n\n\n\n<figure class=\"wp-block-gallery has-nested-images columns-default is-cropped wp-block-gallery-1 is-layout-flex wp-block-gallery-is-layout-flex\">\n<figure class=\"wp-block-image size-full\"><img loading=\"lazy\" decoding=\"async\" width=\"939\" height=\"458\" data-id=\"17409\" src=\"https:\/\/sepdep.gob.bo\/wp-content\/uploads\/2025\/07\/480315346_960125859561359_2121810884633013027_n.jpg\" alt=\"\" class=\"wp-image-17409\" srcset=\"https:\/\/sepdep.gob.bo\/wp-content\/uploads\/2025\/07\/480315346_960125859561359_2121810884633013027_n.jpg 939w, https:\/\/sepdep.gob.bo\/wp-content\/uploads\/2025\/07\/480315346_960125859561359_2121810884633013027_n-300x146.jpg 300w, https:\/\/sepdep.gob.bo\/wp-content\/uploads\/2025\/07\/480315346_960125859561359_2121810884633013027_n-768x375.jpg 768w\" sizes=\"auto, (max-width: 939px) 100vw, 939px\" \/><\/figure>\n<\/figure>\n\n\n\n<div data-wp-interactive=\"core\/file\" class=\"wp-block-file\"><object data-wp-bind--hidden=\"!state.hasPdfPreview\" hidden class=\"wp-block-file__embed\" data=\"https:\/\/sepdep.gob.bo\/wp-content\/uploads\/2025\/07\/BO-DS-N2234-1.pdf\" type=\"application\/pdf\" style=\"width:100%;height:600px\" aria-label=\"Incrustado de Decreto Supremo N\u00b0 2234.\"><\/object><a id=\"wp-block-file--media-ff4e78bc-2301-4653-9eea-ec588699a112\" href=\"https:\/\/sepdep.gob.bo\/wp-content\/uploads\/2025\/07\/BO-DS-N2234-1.pdf\">Decreto Supremo N\u00b0 2234<\/a><a href=\"https:\/\/sepdep.gob.bo\/wp-content\/uploads\/2025\/07\/BO-DS-N2234-1.pdf\" class=\"wp-block-file__button wp-element-button\" download aria-describedby=\"wp-block-file--media-ff4e78bc-2301-4653-9eea-ec588699a112\">Descarga<\/a><\/div>\n\n\n\n<div data-wp-interactive=\"core\/file\" class=\"wp-block-file\"><object data-wp-bind--hidden=\"!state.hasPdfPreview\" hidden class=\"wp-block-file__embed\" data=\"https:\/\/sepdep.gob.bo\/wp-content\/uploads\/2025\/07\/LEY4631.pdf\" type=\"application\/pdf\" style=\"width:100%;height:600px\" aria-label=\"Incrustado de LEY 463.\"><\/object><a id=\"wp-block-file--media-a9659557-998c-4b44-bfc3-7b2cc510e8e3\" href=\"https:\/\/sepdep.gob.bo\/wp-content\/uploads\/2025\/07\/LEY4631.pdf\">LEY 463<\/a><a href=\"https:\/\/sepdep.gob.bo\/wp-content\/uploads\/2025\/07\/LEY4631.pdf\" class=\"wp-block-file__button wp-element-button\" download aria-describedby=\"wp-block-file--media-a9659557-998c-4b44-bfc3-7b2cc510e8e3\">Descarga<\/a><\/div>\n","protected":false},"excerpt":{"rendered":"<p>El Servicio Plurinacional de Defensa P\u00fablica (SEPDEP) se cre\u00f3 mediante la Ley N\u00b0 463 de 19 de diciembre de 2013, en Bolivia.&nbsp;Esta ley establece al SEPDEP como una instituci\u00f3n descentralizada, bajo la tuici\u00f3n del Ministerio de Justicia y Transparencia Institucional.&nbsp;Su funci\u00f3n principal es la defensa penal p\u00fablica gratuita para personas denunciadas, imputadas o procesadas penalmente [&hellip;]<\/p>\n","protected":false},"author":16,"featured_media":16967,"parent":0,"menu_order":0,"comment_status":"closed","ping_status":"closed","template":"","meta":{"_acf_changed":false,"footnotes":""},"class_list":["post-321","page","type-page","status-publish","has-post-thumbnail","hentry"],"acf":[],"_links":{"self":[{"href":"https:\/\/sepdep.gob.bo\/index.php\/wp-json\/wp\/v2\/pages\/321","targetHints":{"allow":["GET"]}}],"collection":[{"href":"https:\/\/sepdep.gob.bo\/index.php\/wp-json\/wp\/v2\/pages"}],"about":[{"href":"https:\/\/sepdep.gob.bo\/index.php\/wp-json\/wp\/v2\/types\/page"}],"author":[{"embeddable":true,"href":"https:\/\/sepdep.gob.bo\/index.php\/wp-json\/wp\/v2\/users\/16"}],"replies":[{"embeddable":true,"href":"https:\/\/sepdep.gob.bo\/index.php\/wp-json\/wp\/v2\/comments?post=321"}],"version-history":[{"count":22,"href":"https:\/\/sepdep.gob.bo\/index.php\/wp-json\/wp\/v2\/pages\/321\/revisions"}],"predecessor-version":[{"id":18191,"href":"https:\/\/sepdep.gob.bo\/index.php\/wp-json\/wp\/v2\/pages\/321\/revisions\/18191"}],"wp:featuredmedia":[{"embeddable":true,"href":"https:\/\/sepdep.gob.bo\/index.php\/wp-json\/wp\/v2\/media\/16967"}],"wp:attachment":[{"href":"https:\/\/sepdep.gob.bo\/index.php\/wp-json\/wp\/v2\/media?parent=321"}],"curies":[{"name":"wp","href":"https:\/\/api.w.org\/{rel}","templated":true}]}}