{"id":328,"date":"2024-04-05T21:30:59","date_gmt":"2024-04-05T19:30:59","guid":{"rendered":"http:\/\/192.168.10.47\/?page_id=328"},"modified":"2025-07-25T13:45:27","modified_gmt":"2025-07-25T17:45:27","slug":"descripcion-de-los-objetivos-y-funciones-principales-de-la-entidad-2","status":"publish","type":"page","link":"https:\/\/sepdep.gob.bo\/index.php\/descripcion-de-los-objetivos-y-funciones-principales-de-la-entidad-2\/","title":{"rendered":"Objetivos Institucionales."},"content":{"rendered":"\n<p class=\"justificado has-medium-font-size\"><strong>Objetivo Estrat\u00e9gico 1<\/strong>: Asegurar que el SEPDEP preste un servicio gratuito de defensa t\u00e9cnica en procesos penales, a toda persona denunciada, imputada o procesada penalmente, precautelando sus derechos conforme establece la CPE, Tratados y Convenios Internacionales en materia de Derechos Humanos<\/p>\n\n\n\n<p class=\"justificado has-medium-font-size\"><strong>Objetivo Estrat\u00e9gico 2<\/strong>: Fortalecer y garantizar una gesti\u00f3n institucional transparente, eficiente, efectiva, eficaz y comprometida con el desarrollo de pol\u00edticas, planes, programas, proyectos y acciones que respondan a las necesidades de la sociedad y de la instituci\u00f3n.<\/p>\n\n\n\n<p>&nbsp;<\/p>\n\n\n\n<p><\/p>\n","protected":false},"excerpt":{"rendered":"<p>Objetivo Estrat\u00e9gico 1: Asegurar que el SEPDEP preste un servicio gratuito de defensa t\u00e9cnica en procesos penales, a toda persona denunciada, imputada o procesada penalmente, precautelando sus derechos conforme establece la CPE, Tratados y Convenios Internacionales en materia de Derechos Humanos Objetivo Estrat\u00e9gico 2: Fortalecer y garantizar una gesti\u00f3n institucional transparente, eficiente, efectiva, eficaz y [&hellip;]<\/p>\n","protected":false},"author":16,"featured_media":0,"parent":0,"menu_order":0,"comment_status":"closed","ping_status":"closed","template":"","meta":{"_acf_changed":false,"footnotes":""},"class_list":["post-328","page","type-page","status-publish","hentry"],"acf":[],"_links":{"self":[{"href":"https:\/\/sepdep.gob.bo\/index.php\/wp-json\/wp\/v2\/pages\/328","targetHints":{"allow":["GET"]}}],"collection":[{"href":"https:\/\/sepdep.gob.bo\/index.php\/wp-json\/wp\/v2\/pages"}],"about":[{"href":"https:\/\/sepdep.gob.bo\/index.php\/wp-json\/wp\/v2\/types\/page"}],"author":[{"embeddable":true,"href":"https:\/\/sepdep.gob.bo\/index.php\/wp-json\/wp\/v2\/users\/16"}],"replies":[{"embeddable":true,"href":"https:\/\/sepdep.gob.bo\/index.php\/wp-json\/wp\/v2\/comments?post=328"}],"version-history":[{"count":16,"href":"https:\/\/sepdep.gob.bo\/index.php\/wp-json\/wp\/v2\/pages\/328\/revisions"}],"predecessor-version":[{"id":18192,"href":"https:\/\/sepdep.gob.bo\/index.php\/wp-json\/wp\/v2\/pages\/328\/revisions\/18192"}],"wp:attachment":[{"href":"https:\/\/sepdep.gob.bo\/index.php\/wp-json\/wp\/v2\/media?parent=328"}],"curies":[{"name":"wp","href":"https:\/\/api.w.org\/{rel}","templated":true}]}}